{"id":41,"date":"2024-02-05T14:10:32","date_gmt":"2024-02-05T14:10:32","guid":{"rendered":"https:\/\/prosesltda.cl\/?page_id=41"},"modified":"2024-02-06T00:56:13","modified_gmt":"2024-02-06T00:56:13","slug":"carpas","status":"publish","type":"page","link":"https:\/\/prosesltda.cl\/?page_id=41","title":{"rendered":"CARPAS"},"content":{"rendered":"\n<p>El servicio de carpas es realizado con &nbsp;material en \u00f3ptimas condiciones, privilegiado siempre las mejores formas de instalaci\u00f3n, y con un m\u00e1ximo de seguridad para los clientes.<\/p>\n\n\n\n<figure class=\"wp-block-gallery has-nested-images columns-default is-cropped wp-block-gallery-1 is-layout-flex wp-block-gallery-is-layout-flex\">\n<figure class=\"wp-block-image size-large\"><img loading=\"lazy\" decoding=\"async\" width=\"429\" height=\"331\" data-id=\"42\" src=\"https:\/\/prosesltda.cl\/wp-content\/uploads\/2024\/02\/CARPA5.jpg\" alt=\"\" class=\"wp-image-42\" srcset=\"https:\/\/prosesltda.cl\/wp-content\/uploads\/2024\/02\/CARPA5.jpg 429w, https:\/\/prosesltda.cl\/wp-content\/uploads\/2024\/02\/CARPA5-300x231.jpg 300w\" sizes=\"auto, (max-width: 429px) 100vw, 429px\" \/><\/figure>\n\n\n\n<figure class=\"wp-block-image size-large\"><img loading=\"lazy\" decoding=\"async\" width=\"435\" height=\"196\" data-id=\"43\" src=\"https:\/\/prosesltda.cl\/wp-content\/uploads\/2024\/02\/CARPA3.jpg\" alt=\"\" class=\"wp-image-43\" srcset=\"https:\/\/prosesltda.cl\/wp-content\/uploads\/2024\/02\/CARPA3.jpg 435w, https:\/\/prosesltda.cl\/wp-content\/uploads\/2024\/02\/CARPA3-300x135.jpg 300w\" sizes=\"auto, (max-width: 435px) 100vw, 435px\" \/><\/figure>\n\n\n\n<figure class=\"wp-block-image size-large\"><img loading=\"lazy\" decoding=\"async\" width=\"589\" height=\"253\" data-id=\"44\" src=\"https:\/\/prosesltda.cl\/wp-content\/uploads\/2024\/02\/Sin-titulo-2.jpg\" alt=\"\" class=\"wp-image-44\" srcset=\"https:\/\/prosesltda.cl\/wp-content\/uploads\/2024\/02\/Sin-titulo-2.jpg 589w, https:\/\/prosesltda.cl\/wp-content\/uploads\/2024\/02\/Sin-titulo-2-300x129.jpg 300w\" sizes=\"auto, (max-width: 589px) 100vw, 589px\" \/><\/figure>\n\n\n\n<figure class=\"wp-block-image size-large\"><img loading=\"lazy\" decoding=\"async\" width=\"768\" height=\"1024\" data-id=\"45\" src=\"https:\/\/prosesltda.cl\/wp-content\/uploads\/2024\/02\/Imagen-de-WhatsApp-2024-02-01-a-las-20.49.57_d8bfb341-1.jpg\" alt=\"\" class=\"wp-image-45\" srcset=\"https:\/\/prosesltda.cl\/wp-content\/uploads\/2024\/02\/Imagen-de-WhatsApp-2024-02-01-a-las-20.49.57_d8bfb341-1.jpg 768w, https:\/\/prosesltda.cl\/wp-content\/uploads\/2024\/02\/Imagen-de-WhatsApp-2024-02-01-a-las-20.49.57_d8bfb341-1-225x300.jpg 225w\" sizes=\"auto, (max-width: 768px) 100vw, 768px\" \/><\/figure>\n\n\n\n<figure class=\"wp-block-image size-large\"><img loading=\"lazy\" decoding=\"async\" width=\"1024\" height=\"576\" data-id=\"46\" src=\"https:\/\/prosesltda.cl\/wp-content\/uploads\/2024\/02\/Imagen-de-WhatsApp-2024-01-22-a-las-11.20.00_0cccf35f-1-1024x576.jpg\" alt=\"\" class=\"wp-image-46\" srcset=\"https:\/\/prosesltda.cl\/wp-content\/uploads\/2024\/02\/Imagen-de-WhatsApp-2024-01-22-a-las-11.20.00_0cccf35f-1-1024x576.jpg 1024w, https:\/\/prosesltda.cl\/wp-content\/uploads\/2024\/02\/Imagen-de-WhatsApp-2024-01-22-a-las-11.20.00_0cccf35f-1-300x169.jpg 300w, https:\/\/prosesltda.cl\/wp-content\/uploads\/2024\/02\/Imagen-de-WhatsApp-2024-01-22-a-las-11.20.00_0cccf35f-1-768x432.jpg 768w, https:\/\/prosesltda.cl\/wp-content\/uploads\/2024\/02\/Imagen-de-WhatsApp-2024-01-22-a-las-11.20.00_0cccf35f-1-1536x864.jpg 1536w, https:\/\/prosesltda.cl\/wp-content\/uploads\/2024\/02\/Imagen-de-WhatsApp-2024-01-22-a-las-11.20.00_0cccf35f-1.jpg 1599w\" sizes=\"auto, (max-width: 1024px) 100vw, 1024px\" \/><\/figure>\n\n\n\n<figure class=\"wp-block-image size-large\"><img loading=\"lazy\" decoding=\"async\" width=\"1024\" height=\"768\" data-id=\"47\" src=\"https:\/\/prosesltda.cl\/wp-content\/uploads\/2024\/02\/Imagen-de-WhatsApp-2024-01-22-a-las-11.18.20_b99c115d-1024x768.jpg\" alt=\"\" class=\"wp-image-47\" srcset=\"https:\/\/prosesltda.cl\/wp-content\/uploads\/2024\/02\/Imagen-de-WhatsApp-2024-01-22-a-las-11.18.20_b99c115d-1024x768.jpg 1024w, https:\/\/prosesltda.cl\/wp-content\/uploads\/2024\/02\/Imagen-de-WhatsApp-2024-01-22-a-las-11.18.20_b99c115d-300x225.jpg 300w, https:\/\/prosesltda.cl\/wp-content\/uploads\/2024\/02\/Imagen-de-WhatsApp-2024-01-22-a-las-11.18.20_b99c115d-768x576.jpg 768w, https:\/\/prosesltda.cl\/wp-content\/uploads\/2024\/02\/Imagen-de-WhatsApp-2024-01-22-a-las-11.18.20_b99c115d.jpg 1280w\" sizes=\"auto, (max-width: 1024px) 100vw, 1024px\" \/><\/figure>\n\n\n\n<figure class=\"wp-block-image size-large\"><img loading=\"lazy\" decoding=\"async\" width=\"576\" height=\"1024\" data-id=\"52\" src=\"https:\/\/prosesltda.cl\/wp-content\/uploads\/2024\/02\/Imagen-de-WhatsApp-2024-01-22-a-las-11.17.14_b584a7f1-576x1024.jpg\" alt=\"\" class=\"wp-image-52\" srcset=\"https:\/\/prosesltda.cl\/wp-content\/uploads\/2024\/02\/Imagen-de-WhatsApp-2024-01-22-a-las-11.17.14_b584a7f1-576x1024.jpg 576w, https:\/\/prosesltda.cl\/wp-content\/uploads\/2024\/02\/Imagen-de-WhatsApp-2024-01-22-a-las-11.17.14_b584a7f1-169x300.jpg 169w, https:\/\/prosesltda.cl\/wp-content\/uploads\/2024\/02\/Imagen-de-WhatsApp-2024-01-22-a-las-11.17.14_b584a7f1-768x1366.jpg 768w, https:\/\/prosesltda.cl\/wp-content\/uploads\/2024\/02\/Imagen-de-WhatsApp-2024-01-22-a-las-11.17.14_b584a7f1-864x1536.jpg 864w, https:\/\/prosesltda.cl\/wp-content\/uploads\/2024\/02\/Imagen-de-WhatsApp-2024-01-22-a-las-11.17.14_b584a7f1.jpg 899w\" sizes=\"auto, (max-width: 576px) 100vw, 576px\" \/><\/figure>\n\n\n\n<figure class=\"wp-block-image size-large\"><img loading=\"lazy\" decoding=\"async\" width=\"1024\" height=\"766\" data-id=\"51\" src=\"https:\/\/prosesltda.cl\/wp-content\/uploads\/2024\/02\/Imagen-de-WhatsApp-2024-01-22-a-las-11.48.35_6c931848-1024x766.jpg\" alt=\"\" class=\"wp-image-51\" srcset=\"https:\/\/prosesltda.cl\/wp-content\/uploads\/2024\/02\/Imagen-de-WhatsApp-2024-01-22-a-las-11.48.35_6c931848-1024x766.jpg 1024w, https:\/\/prosesltda.cl\/wp-content\/uploads\/2024\/02\/Imagen-de-WhatsApp-2024-01-22-a-las-11.48.35_6c931848-300x224.jpg 300w, https:\/\/prosesltda.cl\/wp-content\/uploads\/2024\/02\/Imagen-de-WhatsApp-2024-01-22-a-las-11.48.35_6c931848-768x575.jpg 768w, https:\/\/prosesltda.cl\/wp-content\/uploads\/2024\/02\/Imagen-de-WhatsApp-2024-01-22-a-las-11.48.35_6c931848.jpg 1160w\" sizes=\"auto, (max-width: 1024px) 100vw, 1024px\" \/><\/figure>\n\n\n\n<figure class=\"wp-block-image size-large\"><img loading=\"lazy\" decoding=\"async\" width=\"1024\" height=\"766\" data-id=\"48\" src=\"https:\/\/prosesltda.cl\/wp-content\/uploads\/2024\/02\/Imagen-de-WhatsApp-2024-01-22-a-las-11.48.34_1ccf780c-1024x766.jpg\" alt=\"\" class=\"wp-image-48\" srcset=\"https:\/\/prosesltda.cl\/wp-content\/uploads\/2024\/02\/Imagen-de-WhatsApp-2024-01-22-a-las-11.48.34_1ccf780c-1024x766.jpg 1024w, https:\/\/prosesltda.cl\/wp-content\/uploads\/2024\/02\/Imagen-de-WhatsApp-2024-01-22-a-las-11.48.34_1ccf780c-300x224.jpg 300w, https:\/\/prosesltda.cl\/wp-content\/uploads\/2024\/02\/Imagen-de-WhatsApp-2024-01-22-a-las-11.48.34_1ccf780c-768x575.jpg 768w, https:\/\/prosesltda.cl\/wp-content\/uploads\/2024\/02\/Imagen-de-WhatsApp-2024-01-22-a-las-11.48.34_1ccf780c.jpg 1160w\" sizes=\"auto, (max-width: 1024px) 100vw, 1024px\" \/><\/figure>\n\n\n\n<figure class=\"wp-block-image size-large\"><img loading=\"lazy\" decoding=\"async\" width=\"766\" height=\"1024\" data-id=\"49\" src=\"https:\/\/prosesltda.cl\/wp-content\/uploads\/2024\/02\/Imagen-de-WhatsApp-2024-01-22-a-las-11.48.34_d2b04b68-766x1024.jpg\" alt=\"\" class=\"wp-image-49\" srcset=\"https:\/\/prosesltda.cl\/wp-content\/uploads\/2024\/02\/Imagen-de-WhatsApp-2024-01-22-a-las-11.48.34_d2b04b68-766x1024.jpg 766w, https:\/\/prosesltda.cl\/wp-content\/uploads\/2024\/02\/Imagen-de-WhatsApp-2024-01-22-a-las-11.48.34_d2b04b68-224x300.jpg 224w, https:\/\/prosesltda.cl\/wp-content\/uploads\/2024\/02\/Imagen-de-WhatsApp-2024-01-22-a-las-11.48.34_d2b04b68-768x1026.jpg 768w, https:\/\/prosesltda.cl\/wp-content\/uploads\/2024\/02\/Imagen-de-WhatsApp-2024-01-22-a-las-11.48.34_d2b04b68.jpg 868w\" sizes=\"auto, (max-width: 766px) 100vw, 766px\" \/><\/figure>\n\n\n\n<figure class=\"wp-block-image size-large\"><img loading=\"lazy\" decoding=\"async\" width=\"1024\" height=\"766\" data-id=\"50\" src=\"https:\/\/prosesltda.cl\/wp-content\/uploads\/2024\/02\/Imagen-de-WhatsApp-2024-01-22-a-las-11.48.33_3bf52e07-1-1024x766.jpg\" alt=\"\" class=\"wp-image-50\" srcset=\"https:\/\/prosesltda.cl\/wp-content\/uploads\/2024\/02\/Imagen-de-WhatsApp-2024-01-22-a-las-11.48.33_3bf52e07-1-1024x766.jpg 1024w, https:\/\/prosesltda.cl\/wp-content\/uploads\/2024\/02\/Imagen-de-WhatsApp-2024-01-22-a-las-11.48.33_3bf52e07-1-300x224.jpg 300w, https:\/\/prosesltda.cl\/wp-content\/uploads\/2024\/02\/Imagen-de-WhatsApp-2024-01-22-a-las-11.48.33_3bf52e07-1-768x575.jpg 768w, https:\/\/prosesltda.cl\/wp-content\/uploads\/2024\/02\/Imagen-de-WhatsApp-2024-01-22-a-las-11.48.33_3bf52e07-1.jpg 1160w\" sizes=\"auto, (max-width: 1024px) 100vw, 1024px\" \/><\/figure>\n<\/figure>\n\n\n\n<p class=\"has-text-align-center\">IMPLEMENTACION CARPA EVENTO CHEERLEADER VI\u00d1A DEL MAR<\/p>\n\n\n\n<figure class=\"wp-block-video\"><video height=\"480\" style=\"aspect-ratio: 848 \/ 480;\" width=\"848\" controls src=\"https:\/\/prosesltda.cl\/wp-content\/uploads\/2024\/02\/Video-de-WhatsApp-2024-02-05-a-las-21.22.39_8bb1abe9.mp4\"><\/video><\/figure>\n\n\n\n<p>IMPLENETACION CLUB OLD GRANGONIAN CLUB<\/p>\n\n\n\n<figure class=\"wp-block-video\"><video height=\"368\" style=\"aspect-ratio: 640 \/ 368;\" width=\"640\" controls src=\"https:\/\/prosesltda.cl\/wp-content\/uploads\/2024\/02\/Video-de-WhatsApp-2024-02-05-a-las-21.32.25_2b8917ea.mp4\"><\/video><\/figure>\n","protected":false},"excerpt":{"rendered":"<p> [&hellip;]<\/p>\n","protected":false},"author":1,"featured_media":0,"parent":0,"menu_order":0,"comment_status":"closed","ping_status":"closed","template":"","meta":{"om_disable_all_campaigns":false,"_monsterinsights_skip_tracking":false,"_monsterinsights_sitenote_active":false,"_monsterinsights_sitenote_note":"","_monsterinsights_sitenote_category":0,"footnotes":""},"class_list":["post-41","page","type-page","status-publish","hentry"],"aioseo_notices":[],"_links":{"self":[{"href":"https:\/\/prosesltda.cl\/index.php?rest_route=\/wp\/v2\/pages\/41","targetHints":{"allow":["GET"]}}],"collection":[{"href":"https:\/\/prosesltda.cl\/index.php?rest_route=\/wp\/v2\/pages"}],"about":[{"href":"https:\/\/prosesltda.cl\/index.php?rest_route=\/wp\/v2\/types\/page"}],"author":[{"embeddable":true,"href":"https:\/\/prosesltda.cl\/index.php?rest_route=\/wp\/v2\/users\/1"}],"replies":[{"embeddable":true,"href":"https:\/\/prosesltda.cl\/index.php?rest_route=%2Fwp%2Fv2%2Fcomments&post=41"}],"version-history":[{"count":4,"href":"https:\/\/prosesltda.cl\/index.php?rest_route=\/wp\/v2\/pages\/41\/revisions"}],"predecessor-version":[{"id":241,"href":"https:\/\/prosesltda.cl\/index.php?rest_route=\/wp\/v2\/pages\/41\/revisions\/241"}],"wp:attachment":[{"href":"https:\/\/prosesltda.cl\/index.php?rest_route=%2Fwp%2Fv2%2Fmedia&parent=41"}],"curies":[{"name":"wp","href":"https:\/\/api.w.org\/{rel}","templated":true}]}}